{"id":397,"date":"2026-01-20T13:18:45","date_gmt":"2026-01-20T13:18:45","guid":{"rendered":"https:\/\/safewinternb.development.learnridge.ca\/?page_id=397"},"modified":"2026-01-20T18:16:33","modified_gmt":"2026-01-20T18:16:33","slug":"home-page","status":"publish","type":"page","link":"https:\/\/safewinternb.ca\/fr\/","title":{"rendered":"Home Page"},"content":{"rendered":"<figure itemscope itemtype=\"https:\/\/schema.org\/ImageObject\">\n\t\t\t\t<img decoding=\"async\" src=\"http:\/\/safewinternb.ca\/wp-content\/uploads\/sites\/5\/2024\/03\/Home-Banner_FR-1-1.png\" alt=\"Home-Banner (1)\" title=\"Home_banner\" onerror=\"this.style.display='none'\" loading=\"lazy\" \/>\n\t<\/figure>\n<figure itemscope itemtype=\"https:\/\/schema.org\/ImageObject\">\n\t\t\t\t<img decoding=\"async\" src=\"http:\/\/safewinternb.ca\/wp-content\/uploads\/sites\/5\/2024\/03\/FR1.png\" alt=\"EN1\" title=\"FR1\" onerror=\"this.style.display='none'\" loading=\"lazy\" \/>\n\t<\/figure>\n<figure itemscope itemtype=\"https:\/\/schema.org\/ImageObject\">\n\t\t\t\t<img decoding=\"async\" src=\"http:\/\/safewinternb.ca\/wp-content\/uploads\/sites\/5\/2024\/03\/FR4-1-1.png\" alt=\"EN4 (1)\" title=\"FR2\" onerror=\"this.style.display='none'\" loading=\"lazy\" \/>\n\t<\/figure>\n<figure itemscope itemtype=\"https:\/\/schema.org\/ImageObject\">\n\t\t\t\t<img decoding=\"async\" src=\"http:\/\/safewinternb.ca\/wp-content\/uploads\/sites\/5\/2024\/03\/FR2-1.png\" alt=\"EN2\" title=\"FR3\" onerror=\"this.style.display='none'\" loading=\"lazy\" \/>\n\t<\/figure>\n<figure itemscope itemtype=\"https:\/\/schema.org\/ImageObject\">\n\t\t\t\t<img decoding=\"async\" src=\"http:\/\/safewinternb.ca\/wp-content\/uploads\/sites\/5\/2024\/03\/FR3-1.png\" alt=\"EN3\" title=\"FR5\" onerror=\"this.style.display='none'\" loading=\"lazy\" \/>\n\t<\/figure>\n\t\t\t<a href=\"https:\/\/quadnb.ca\/\"  target=\"_blank\" rel=\"noopener\">\n\t\t\t\t\t\t\tQuad NB\n\t\t\t\t\t<\/a>\n\t\t\t<a href=\"https:\/\/www.snowmobilenb.com\/\"  target=\"_blank\" rel=\"noopener\">\n\t\t\t\t\t\t\tSnowmobile-Motoneige NB\n\t\t\t\t\t<\/a>\n\t<h5><strong>La pluie vergla\u00e7ante, la neige durcie et les surfaces glac\u00e9es sont \u00e9galement des dangers hivernaux courants pour les pi\u00e9tons. Pour en savoir plus sur la s\u00e9curit\u00e9 des pi\u00e9tons en hiver, consultez le site.<\/strong><\/h5>\n\t\t\t\t\t<a href=\"\"><img decoding=\"async\" src=\"https:\/\/i.vimeocdn.com\/portrait\/22296859_300x300?sig=d03abe883df56b5b708ee99b8440cb785644648aa7cf9d38739dfcbde5d74710&#038;v=1&#038;region=us\"\/><\/a>\n\t\t\t\t\t\t\t<a href=\"\">Trauma NB &#8211; Walk like a penguin &#8211; English<\/a>\n\t\t\t\t\t\t\tfrom  <a href=\"\">BrainWorks Marketing<\/a>\n\t\t\t\t\t<img decoding=\"async\" src=\"http:\/\/safewinternb.ca\/wp-content\/uploads\/sites\/5\/2023\/03\/vid-4.png\" alt=\"\"\/>\n\t\t\t\t\t\t\t<img decoding=\"async\" src=\"\" alt=\"\" \/>\t\t\t\t\t\t\n\t\t\t<a href=\"https:\/\/nbtrauma.ca\/new-brunswickers\/falls\/\" title=\"Click Here\" target=\"_blank\" rel=\"noopener\"  role=\"button\" aria-label=\"Traumanb.ca\">\n\t\t\t\t\t\t\tTraumanb.ca\n\t\t<\/a>\n<figure itemscope itemtype=\"https:\/\/schema.org\/ImageObject\">\n\t\t\t\t<a href=\"https:\/\/nbtrauma.ca\/\"  target=\"_blank\" rel=\"noopener\"  itemprop=\"url\">\n\t\t\t\t<img decoding=\"async\" src=\"http:\/\/safewinternb.ca\/wp-content\/uploads\/sites\/5\/2024\/03\/FR5-1.png\" alt=\"EN5\" title=\"FR6\" onerror=\"this.style.display='none'\" loading=\"lazy\" \/>\n\t\t\t\t<\/a>\n\t<\/figure>","protected":false},"excerpt":{"rendered":"<p>Quad NB Snowmobile-Motoneige NB Freezing rain, hard-packed snow and icy surfaces are also common winter hazards for pedestrians. For more on Safe Winter Walking visit Trauma NB &#8211; Walk like a penguin &#8211; English from BrainWorks Marketing Traumanb.ca<\/p>","protected":false},"author":2,"featured_media":0,"parent":0,"menu_order":0,"comment_status":"closed","ping_status":"closed","template":"","meta":{"footnotes":""},"class_list":["post-397","page","type-page","status-publish"],"_links":{"self":[{"href":"https:\/\/safewinternb.ca\/fr\/wp-json\/wp\/v2\/pages\/397","targetHints":{"allow":["GET"]}}],"collection":[{"href":"https:\/\/safewinternb.ca\/fr\/wp-json\/wp\/v2\/pages"}],"about":[{"href":"https:\/\/safewinternb.ca\/fr\/wp-json\/wp\/v2\/types\/page"}],"author":[{"embeddable":true,"href":"https:\/\/safewinternb.ca\/fr\/wp-json\/wp\/v2\/users\/2"}],"replies":[{"embeddable":true,"href":"https:\/\/safewinternb.ca\/fr\/wp-json\/wp\/v2\/comments?post=397"}],"version-history":[{"count":6,"href":"https:\/\/safewinternb.ca\/fr\/wp-json\/wp\/v2\/pages\/397\/revisions"}],"predecessor-version":[{"id":414,"href":"https:\/\/safewinternb.ca\/fr\/wp-json\/wp\/v2\/pages\/397\/revisions\/414"}],"wp:attachment":[{"href":"https:\/\/safewinternb.ca\/fr\/wp-json\/wp\/v2\/media?parent=397"}],"curies":[{"name":"wp","href":"https:\/\/api.w.org\/{rel}","templated":true}]}}